{"id":526,"date":"2024-07-29T13:09:23","date_gmt":"2024-07-29T13:09:23","guid":{"rendered":"https:\/\/traces-berberes.com\/?page_id=526"},"modified":"2024-08-01T10:47:42","modified_gmt":"2024-08-01T10:47:42","slug":"desert-tours","status":"publish","type":"page","link":"https:\/\/traces-berberes.com\/fr\/desert-tours\/","title":{"rendered":"Desert Tours"},"content":{"rendered":"<div data-elementor-type=\"wp-page\" data-elementor-id=\"526\" class=\"elementor elementor-526\">\n\t\t\t\t<div class=\"elementor-element elementor-element-be8b69a e-flex e-con-boxed e-con e-parent\" data-id=\"be8b69a\" data-element_type=\"container\" data-e-type=\"container\">\n\t\t\t\t\t<div class=\"e-con-inner\">\n\t\t\t\t<div class=\"elementor-element elementor-element-d3bf15b elementor-widget elementor-widget-heading\" data-id=\"d3bf15b\" data-element_type=\"widget\" data-e-type=\"widget\" data-widget_type=\"heading.default\">\n\t\t\t\t<div class=\"elementor-widget-container\">\n\t\t\t\t\t<h2 class=\"elementor-heading-title elementor-size-default\">Dessert Tours<\/h2>\t\t\t\t<\/div>\n\t\t\t\t<\/div>\n\t\t\t\t\t<\/div>\n\t\t\t\t<\/div>\n\t\t<div class=\"elementor-element elementor-element-cb100e4 e-con-full e-flex e-con e-parent\" data-id=\"cb100e4\" data-element_type=\"container\" data-e-type=\"container\">\n\t\t\t\t<div class=\"elementor-element elementor-element-e37dc44 elementor-widget elementor-widget-wptravelengine-trips\" data-id=\"e37dc44\" data-element_type=\"widget\" data-e-type=\"widget\" data-widget_type=\"wptravelengine-trips.default\">\n\t\t\t\t<div class=\"elementor-widget-container\">\n\t\t\t\t\t<div class=\"wp-block-wptravelengine-trips wpte-gblock-wrapper elementor-addon wpte-elementor-widget\">\t<div class=\"category-grid wte-d-flex wpte-trip-list-wrapper\t\t\t\t\t\t    wte-col-3\">\n\t<div class=\"wpte-trip-single wpte-layout-4\">\n\t<div class=\"wpte-inner-container\">\n\t\t<div class=\"wpte-trip-image-wrap\">\n\t\t\t\t\t\t\t\t\t\t\t\t<figure class=\"thumbnail\">\n\t\t\t\t<a href=\"https:\/\/traces-berberes.com\/fr\/trip\/6-days-atlas-peaks-and-valleys-trek\/\">\n\t\t\t\t\t<img fetchpriority=\"high\" decoding=\"async\" width=\"990\" height=\"490\" src=\"https:\/\/traces-berberes.com\/wp-content\/uploads\/2024\/08\/atlas-mountains-trekking-990x490.jpg\" class=\"attachment-trip-single-size size-trip-single-size wp-post-image\" alt=\"\" \/>\t\t\t\t<\/a>\n\t\t\t<\/figure>\n\t\t\t\t\t<\/div>\n\t\t<div class=\"wpte-trip-details-wrap\">\n\t\t\t<div class=\"wpte-trip-header-wrap\">\n\t\t\t\t\t\t\t\t<div class=\"wpte-trip-title-wrap\">\n\t\t\t\t\t<h2 class=\"wpte-trip-title\">\n\t\t\t\t\t\t<a itemprop=\"url\" href=\"https:\/\/traces-berberes.com\/fr\/trip\/6-days-atlas-peaks-and-valleys-trek\/\">Trek 6 Jours Sommets de l'Atlas<\/a>\n\t\t\t\t\t<\/h2>\n\t\t\t\t<\/div>\n\t\t\t\t\t\t\t\t\t\t\t<\/div>\n\t\t\t<div class=\"wpte-trip_meta-container\">\n\t\t\t\t<div class=\"wpte-trip-meta-list wpte-dir-horizontal\">\n\t\t\t\t\t\t\t\t\t\t\t\t<span class=\"wpte-trip-meta wpte-trip-destination\">\n\t\t\t\t\t\t\t\t<span class=\"wpte-icon-map-marker\"><\/span>\n\t\t\t\t\t\t\t\t<span><a rel=\"tag\" target=\"_self\" href=\"https:\/\/traces-berberes.com\/fr\/destinations\/trekking\/\">Trekking<\/a><\/span>\n\t\t\t\t\t\t\t<\/span>\n\t\t\t\t\t\t\t\t\t\t\t\t\t\t\t\t\t\t\t\t\t\t\t\t\t\t\n\t\t\t\t\t\t<span class=\"wpte-trip-meta wpte-trip-duration\">\n\t\t\t\t\t\t\t\t\t\t\t\t\t\t<span class=\"wpte-icon-clock\"><\/span>\n\t\t\t\t\t\t\t\t<span>\n\t\t\t\t\t\t\t\t\t\t\t\t\t\t\t\t\t\t\t6 Days\t\t\t\t\t\t\t\t<\/span>\n\t\t\t\t\t\t\t\t\t\t\t\t\t\t\t<\/span>\n\t\t\t\t\t\t\n\t\t\t\t\t\t\t\t\t<\/div>\n\t\t\t<\/div>\n\t\t\t<div class=\"wpte-trip-budget-wrap justify-content-between align-items-center\">\n\t\t\t\t\t\t\t\t\t\t\t\t<div class=\"wpte-trip-btn-wrap\">\n\t\t\t\t\t<a href=\"https:\/\/traces-berberes.com\/fr\/trip\/6-days-atlas-peaks-and-valleys-trek\/\" class=\"wpte-trip-explore-btn\">View Details<\/a>\n\t\t\t\t<\/div>\n\t\t\t\t\t\t\t<\/div>\n\t\t<\/div>\n\t<\/div>\n<\/div>\n<div class=\"wpte-trip-single wpte-layout-4\">\n\t<div class=\"wpte-inner-container\">\n\t\t<div class=\"wpte-trip-image-wrap\">\n\t\t\t\t\t\t\t\t\t\t\t\t<figure class=\"thumbnail\">\n\t\t\t\t<a href=\"https:\/\/traces-berberes.com\/fr\/trip\/3-days-toubkal-circular-trek\/\">\n\t\t\t\t\t<img decoding=\"async\" width=\"990\" height=\"490\" src=\"https:\/\/traces-berberes.com\/wp-content\/uploads\/2024\/08\/3-days-mount-Toubkal-round-trek-from-Marrakesh-990x490.jpg\" class=\"attachment-trip-single-size size-trip-single-size wp-post-image\" alt=\"\" \/>\t\t\t\t<\/a>\n\t\t\t<\/figure>\n\t\t\t\t\t<\/div>\n\t\t<div class=\"wpte-trip-details-wrap\">\n\t\t\t<div class=\"wpte-trip-header-wrap\">\n\t\t\t\t\t\t\t\t<div class=\"wpte-trip-title-wrap\">\n\t\t\t\t\t<h2 class=\"wpte-trip-title\">\n\t\t\t\t\t\t<a itemprop=\"url\" href=\"https:\/\/traces-berberes.com\/fr\/trip\/3-days-toubkal-circular-trek\/\">Trek Circulaire 3 Jours Toubkal<\/a>\n\t\t\t\t\t<\/h2>\n\t\t\t\t<\/div>\n\t\t\t\t\t\t\t\t\t\t\t<\/div>\n\t\t\t<div class=\"wpte-trip_meta-container\">\n\t\t\t\t<div class=\"wpte-trip-meta-list wpte-dir-horizontal\">\n\t\t\t\t\t\t\t\t\t\t\t\t<span class=\"wpte-trip-meta wpte-trip-destination\">\n\t\t\t\t\t\t\t\t<span class=\"wpte-icon-map-marker\"><\/span>\n\t\t\t\t\t\t\t\t<span><a rel=\"tag\" target=\"_self\" href=\"https:\/\/traces-berberes.com\/fr\/destinations\/trekking\/\">Trekking<\/a><\/span>\n\t\t\t\t\t\t\t<\/span>\n\t\t\t\t\t\t\t\t\t\t\t\t\t\t\t\t\t\t\t\t\t\t\t\t\t\t\n\t\t\t\t\t\t<span class=\"wpte-trip-meta wpte-trip-duration\">\n\t\t\t\t\t\t\t\t\t\t\t\t\t\t<span class=\"wpte-icon-clock\"><\/span>\n\t\t\t\t\t\t\t\t<span>\n\t\t\t\t\t\t\t\t\t\t\t\t\t\t\t\t\t\t\t3 Days\t\t\t\t\t\t\t\t<\/span>\n\t\t\t\t\t\t\t\t\t\t\t\t\t\t\t<\/span>\n\t\t\t\t\t\t\n\t\t\t\t\t\t\t\t\t<\/div>\n\t\t\t<\/div>\n\t\t\t<div class=\"wpte-trip-budget-wrap justify-content-between align-items-center\">\n\t\t\t\t\t\t\t\t<div class=\"wpte-trip-price-wrap\">\n\t\t\t\t\t\t\t\t\t\t<ins><span class=\"wpte-currency-code\">&euro;<\/span><span class=\"wpte-price\">250<\/span><\/ins>\n\t\t\t\t<\/div>\n\t\t\t\t\t\t\t\t\t\t\t\t<div class=\"wpte-trip-btn-wrap\">\n\t\t\t\t\t<a href=\"https:\/\/traces-berberes.com\/fr\/trip\/3-days-toubkal-circular-trek\/\" class=\"wpte-trip-explore-btn\">View Details<\/a>\n\t\t\t\t<\/div>\n\t\t\t\t\t\t\t<\/div>\n\t\t<\/div>\n\t<\/div>\n<\/div>\n<div class=\"wpte-trip-single wpte-layout-4\">\n\t<div class=\"wpte-inner-container\">\n\t\t<div class=\"wpte-trip-image-wrap\">\n\t\t\t\t\t\t\t\t\t\t\t\t<figure class=\"thumbnail\">\n\t\t\t\t<a href=\"https:\/\/traces-berberes.com\/fr\/trip\/3-days-trek-imlil-to-ourika-valley\/\">\n\t\t\t\t\t<img decoding=\"async\" width=\"900\" height=\"490\" src=\"https:\/\/traces-berberes.com\/wp-content\/uploads\/2024\/08\/Hiking-in-the-High-Atlas-Mountains-900x490.jpg\" class=\"attachment-trip-single-size size-trip-single-size wp-post-image\" alt=\"3-Days Trek Imlil To Ourika Valley\" \/>\t\t\t\t<\/a>\n\t\t\t<\/figure>\n\t\t\t\t\t<\/div>\n\t\t<div class=\"wpte-trip-details-wrap\">\n\t\t\t<div class=\"wpte-trip-header-wrap\">\n\t\t\t\t\t\t\t\t<div class=\"wpte-trip-title-wrap\">\n\t\t\t\t\t<h2 class=\"wpte-trip-title\">\n\t\t\t\t\t\t<a itemprop=\"url\" href=\"https:\/\/traces-berberes.com\/fr\/trip\/3-days-trek-imlil-to-ourika-valley\/\">Trek 3 Jours Imlil - Vall\u00e9e Ourika<\/a>\n\t\t\t\t\t<\/h2>\n\t\t\t\t<\/div>\n\t\t\t\t\t\t\t\t\t\t\t<\/div>\n\t\t\t<div class=\"wpte-trip_meta-container\">\n\t\t\t\t<div class=\"wpte-trip-meta-list wpte-dir-horizontal\">\n\t\t\t\t\t\t\t\t\t\t\t\t<span class=\"wpte-trip-meta wpte-trip-destination\">\n\t\t\t\t\t\t\t\t<span class=\"wpte-icon-map-marker\"><\/span>\n\t\t\t\t\t\t\t\t<span><a rel=\"tag\" target=\"_self\" href=\"https:\/\/traces-berberes.com\/fr\/destinations\/trekking\/\">Trekking<\/a><\/span>\n\t\t\t\t\t\t\t<\/span>\n\t\t\t\t\t\t\t\t\t\t\t\t\t\t\t\t\t\t\t\t\t\t\t\t\t\t\n\t\t\t\t\t\t<span class=\"wpte-trip-meta wpte-trip-duration\">\n\t\t\t\t\t\t\t\t\t\t\t\t\t\t<span class=\"wpte-icon-clock\"><\/span>\n\t\t\t\t\t\t\t\t<span>\n\t\t\t\t\t\t\t\t\t\t\t\t\t\t\t\t\t\t\t3 Days\t\t\t\t\t\t\t\t<\/span>\n\t\t\t\t\t\t\t\t\t\t\t\t\t\t\t<\/span>\n\t\t\t\t\t\t\n\t\t\t\t\t\t\t\t\t<\/div>\n\t\t\t<\/div>\n\t\t\t<div class=\"wpte-trip-budget-wrap justify-content-between align-items-center\">\n\t\t\t\t\t\t\t\t<div class=\"wpte-trip-price-wrap\">\n\t\t\t\t\t\t\t\t\t\t<ins><span class=\"wpte-currency-code\">&euro;<\/span><span class=\"wpte-price\">276<\/span><\/ins>\n\t\t\t\t<\/div>\n\t\t\t\t\t\t\t\t\t\t\t\t<div class=\"wpte-trip-btn-wrap\">\n\t\t\t\t\t<a href=\"https:\/\/traces-berberes.com\/fr\/trip\/3-days-trek-imlil-to-ourika-valley\/\" class=\"wpte-trip-explore-btn\">View Details<\/a>\n\t\t\t\t<\/div>\n\t\t\t\t\t\t\t<\/div>\n\t\t<\/div>\n\t<\/div>\n<\/div>\n<div class=\"wpte-trip-single wpte-layout-4\">\n\t<div class=\"wpte-inner-container\">\n\t\t<div class=\"wpte-trip-image-wrap\">\n\t\t\t\t\t\t\t\t\t\t\t\t<figure class=\"thumbnail\">\n\t\t\t\t<a href=\"https:\/\/traces-berberes.com\/fr\/trip\/6-days-toubkal-berber-villages-trek\/\">\n\t\t\t\t\t<img loading=\"lazy\" decoding=\"async\" width=\"990\" height=\"490\" src=\"https:\/\/traces-berberes.com\/wp-content\/uploads\/2024\/08\/Hiking-Mount-Toubkal-Atlas-Mountains-Morocco-20-990x490.jpg\" class=\"attachment-trip-single-size size-trip-single-size wp-post-image\" alt=\"\" \/>\t\t\t\t<\/a>\n\t\t\t<\/figure>\n\t\t\t\t\t<\/div>\n\t\t<div class=\"wpte-trip-details-wrap\">\n\t\t\t<div class=\"wpte-trip-header-wrap\">\n\t\t\t\t\t\t\t\t<div class=\"wpte-trip-title-wrap\">\n\t\t\t\t\t<h2 class=\"wpte-trip-title\">\n\t\t\t\t\t\t<a itemprop=\"url\" href=\"https:\/\/traces-berberes.com\/fr\/trip\/6-days-toubkal-berber-villages-trek\/\">Trek Toubkal et Villages Berb\u00e8res en 6 Jours<\/a>\n\t\t\t\t\t<\/h2>\n\t\t\t\t<\/div>\n\t\t\t\t\t\t\t\t\t\t\t<\/div>\n\t\t\t<div class=\"wpte-trip_meta-container\">\n\t\t\t\t<div class=\"wpte-trip-meta-list wpte-dir-horizontal\">\n\t\t\t\t\t\t\t\t\t\t\t\t<span class=\"wpte-trip-meta wpte-trip-destination\">\n\t\t\t\t\t\t\t\t<span class=\"wpte-icon-map-marker\"><\/span>\n\t\t\t\t\t\t\t\t<span><a rel=\"tag\" target=\"_self\" href=\"https:\/\/traces-berberes.com\/fr\/destinations\/trekking\/\">Trekking<\/a><\/span>\n\t\t\t\t\t\t\t<\/span>\n\t\t\t\t\t\t\t\t\t\t\t\t\t\t\t\t\t\t\t\t\t\t\t\t\t\t\n\t\t\t\t\t\t<span class=\"wpte-trip-meta wpte-trip-duration\">\n\t\t\t\t\t\t\t\t\t\t\t\t\t\t<span class=\"wpte-icon-clock\"><\/span>\n\t\t\t\t\t\t\t\t<span>\n\t\t\t\t\t\t\t\t\t\t\t\t\t\t\t\t\t\t\t6 Days\t\t\t\t\t\t\t\t<\/span>\n\t\t\t\t\t\t\t\t\t\t\t\t\t\t\t<\/span>\n\t\t\t\t\t\t\n\t\t\t\t\t\t\t\t\t<\/div>\n\t\t\t<\/div>\n\t\t\t<div class=\"wpte-trip-budget-wrap justify-content-between align-items-center\">\n\t\t\t\t\t\t\t\t<div class=\"wpte-trip-price-wrap\">\n\t\t\t\t\t\t\t\t\t\t<ins><span class=\"wpte-currency-code\">&euro;<\/span><span class=\"wpte-price\">442<\/span><\/ins>\n\t\t\t\t<\/div>\n\t\t\t\t\t\t\t\t\t\t\t\t<div class=\"wpte-trip-btn-wrap\">\n\t\t\t\t\t<a href=\"https:\/\/traces-berberes.com\/fr\/trip\/6-days-toubkal-berber-villages-trek\/\" class=\"wpte-trip-explore-btn\">View Details<\/a>\n\t\t\t\t<\/div>\n\t\t\t\t\t\t\t<\/div>\n\t\t<\/div>\n\t<\/div>\n<\/div>\n<div class=\"wpte-trip-single wpte-layout-4\">\n\t<div class=\"wpte-inner-container\">\n\t\t<div class=\"wpte-trip-image-wrap\">\n\t\t\t\t\t\t\t\t\t\t\t\t<figure class=\"thumbnail\">\n\t\t\t\t<a href=\"https:\/\/traces-berberes.com\/fr\/trip\/day-trip-with-guided-trek-in-zat-valley\/\">\n\t\t\t\t\t<img loading=\"lazy\" decoding=\"async\" width=\"990\" height=\"490\" src=\"https:\/\/traces-berberes.com\/wp-content\/uploads\/2024\/08\/e7da0533482e6ca9759a6430262dde82-990x490.jpg\" class=\"attachment-trip-single-size size-trip-single-size wp-post-image\" alt=\"\" \/>\t\t\t\t<\/a>\n\t\t\t<\/figure>\n\t\t\t\t\t<\/div>\n\t\t<div class=\"wpte-trip-details-wrap\">\n\t\t\t<div class=\"wpte-trip-header-wrap\">\n\t\t\t\t\t\t\t\t<div class=\"wpte-trip-title-wrap\">\n\t\t\t\t\t<h2 class=\"wpte-trip-title\">\n\t\t\t\t\t\t<a itemprop=\"url\" href=\"https:\/\/traces-berberes.com\/fr\/trip\/day-trip-with-guided-trek-in-zat-valley\/\">Excursion d'une journ\u00e9e avec Trek Guid\u00e9 dans la Vall\u00e9e du Zat<\/a>\n\t\t\t\t\t<\/h2>\n\t\t\t\t<\/div>\n\t\t\t\t\t\t\t\t\t\t\t<\/div>\n\t\t\t<div class=\"wpte-trip_meta-container\">\n\t\t\t\t<div class=\"wpte-trip-meta-list wpte-dir-horizontal\">\n\t\t\t\t\t\t\t\t\t\t\t\t<span class=\"wpte-trip-meta wpte-trip-destination\">\n\t\t\t\t\t\t\t\t<span class=\"wpte-icon-map-marker\"><\/span>\n\t\t\t\t\t\t\t\t<span><a rel=\"tag\" target=\"_self\" href=\"https:\/\/traces-berberes.com\/fr\/destinations\/trekking\/\">Trekking<\/a><\/span>\n\t\t\t\t\t\t\t<\/span>\n\t\t\t\t\t\t\t\t\t\t\t\t\t\t\t\t\t\t\t\t\t\t\t\t\t\t\n\t\t\t\t\t\t<span class=\"wpte-trip-meta wpte-trip-duration\">\n\t\t\t\t\t\t\t\t\t\t\t\t\t\t<\/span>\n\t\t\t\t\t\t\n\t\t\t\t\t\t\t\t\t<\/div>\n\t\t\t<\/div>\n\t\t\t<div class=\"wpte-trip-budget-wrap justify-content-between align-items-center\">\n\t\t\t\t\t\t\t\t<div class=\"wpte-trip-price-wrap\">\n\t\t\t\t\t\t\t\t\t\t<ins><span class=\"wpte-currency-code\">&euro;<\/span><span class=\"wpte-price\">68<\/span><\/ins>\n\t\t\t\t<\/div>\n\t\t\t\t\t\t\t\t\t\t\t\t<div class=\"wpte-trip-btn-wrap\">\n\t\t\t\t\t<a href=\"https:\/\/traces-berberes.com\/fr\/trip\/day-trip-with-guided-trek-in-zat-valley\/\" class=\"wpte-trip-explore-btn\">View Details<\/a>\n\t\t\t\t<\/div>\n\t\t\t\t\t\t\t<\/div>\n\t\t<\/div>\n\t<\/div>\n<\/div>\n<div class=\"wpte-trip-single wpte-layout-4\">\n\t<div class=\"wpte-inner-container\">\n\t\t<div class=\"wpte-trip-image-wrap\">\n\t\t\t\t\t\t\t\t\t\t\t\t<figure class=\"thumbnail\">\n\t\t\t\t<a href=\"https:\/\/traces-berberes.com\/fr\/trip\/outstanding-night-in-agafay\/\">\n\t\t\t\t\t<img loading=\"lazy\" decoding=\"async\" width=\"990\" height=\"490\" src=\"https:\/\/traces-berberes.com\/wp-content\/uploads\/2024\/08\/bivouac-agafay-desert5.png-990x490.webp\" class=\"attachment-trip-single-size size-trip-single-size wp-post-image\" alt=\"Outstanding Night in Agafay\" \/>\t\t\t\t<\/a>\n\t\t\t<\/figure>\n\t\t\t\t\t<\/div>\n\t\t<div class=\"wpte-trip-details-wrap\">\n\t\t\t<div class=\"wpte-trip-header-wrap\">\n\t\t\t\t\t\t\t\t<div class=\"wpte-trip-title-wrap\">\n\t\t\t\t\t<h2 class=\"wpte-trip-title\">\n\t\t\t\t\t\t<a itemprop=\"url\" href=\"https:\/\/traces-berberes.com\/fr\/trip\/outstanding-night-in-agafay\/\">Nuit en Bivouac \u00e0 Agafay<\/a>\n\t\t\t\t\t<\/h2>\n\t\t\t\t<\/div>\n\t\t\t\t\t\t\t\t\t\t\t<\/div>\n\t\t\t<div class=\"wpte-trip_meta-container\">\n\t\t\t\t<div class=\"wpte-trip-meta-list wpte-dir-horizontal\">\n\t\t\t\t\t\t\t\t\t\t\t\t<span class=\"wpte-trip-meta wpte-trip-destination\">\n\t\t\t\t\t\t\t\t<span class=\"wpte-icon-map-marker\"><\/span>\n\t\t\t\t\t\t\t\t<span><a rel=\"tag\" target=\"_self\" href=\"https:\/\/traces-berberes.com\/fr\/destinations\/agafay\/\">Agafay<\/a><\/span>\n\t\t\t\t\t\t\t<\/span>\n\t\t\t\t\t\t\t\t\t\t\t\t\t\t\t\t\t\t\t\t\t\t\t\t\t\t\n\t\t\t\t\t\t<span class=\"wpte-trip-meta wpte-trip-duration\">\n\t\t\t\t\t\t\t\t\t\t\t\t\t\t<\/span>\n\t\t\t\t\t\t\n\t\t\t\t\t\t\t\t\t<\/div>\n\t\t\t<\/div>\n\t\t\t<div class=\"wpte-trip-budget-wrap justify-content-between align-items-center\">\n\t\t\t\t\t\t\t\t<div class=\"wpte-trip-price-wrap\">\n\t\t\t\t\t\t\t\t\t\t<ins><span class=\"wpte-currency-code\">&euro;<\/span><span class=\"wpte-price\">210<\/span><\/ins>\n\t\t\t\t<\/div>\n\t\t\t\t\t\t\t\t\t\t\t\t<div class=\"wpte-trip-btn-wrap\">\n\t\t\t\t\t<a href=\"https:\/\/traces-berberes.com\/fr\/trip\/outstanding-night-in-agafay\/\" class=\"wpte-trip-explore-btn\">View Details<\/a>\n\t\t\t\t<\/div>\n\t\t\t\t\t\t\t<\/div>\n\t\t<\/div>\n\t<\/div>\n<\/div>\n<\/div><!-- .category-{$layout} --><\/div>\t\t\t\t<\/div>\n\t\t\t\t<\/div>\n\t\t\t\t<\/div>\n\t\t\t\t<\/div>","protected":false},"excerpt":{"rendered":"<p>Dessert Tours Quad &amp; Sunset Camel Ride 5 Hours &euro;85 View Details Cooking Class in Ourika 7 Hours &euro;65 View Details 4-Days Tour Fez &amp; Tangier Imperial Cities 4 Days &euro;590 View Details 2-Days Trip to Rabat &amp; Fez Imperial Cities 2 Days &euro;250 View &hellip; <\/p>","protected":false},"author":1,"featured_media":0,"parent":0,"menu_order":0,"comment_status":"closed","ping_status":"closed","template":"","meta":{"pagelayer_contact_templates":[],"_pagelayer_content":"","footnotes":""},"class_list":["post-526","page","type-page","status-publish","hentry"],"jetpack_sharing_enabled":true,"_links":{"self":[{"href":"https:\/\/traces-berberes.com\/fr\/wp-json\/wp\/v2\/pages\/526","targetHints":{"allow":["GET"]}}],"collection":[{"href":"https:\/\/traces-berberes.com\/fr\/wp-json\/wp\/v2\/pages"}],"about":[{"href":"https:\/\/traces-berberes.com\/fr\/wp-json\/wp\/v2\/types\/page"}],"author":[{"embeddable":true,"href":"https:\/\/traces-berberes.com\/fr\/wp-json\/wp\/v2\/users\/1"}],"replies":[{"embeddable":true,"href":"https:\/\/traces-berberes.com\/fr\/wp-json\/wp\/v2\/comments?post=526"}],"version-history":[{"count":4,"href":"https:\/\/traces-berberes.com\/fr\/wp-json\/wp\/v2\/pages\/526\/revisions"}],"predecessor-version":[{"id":757,"href":"https:\/\/traces-berberes.com\/fr\/wp-json\/wp\/v2\/pages\/526\/revisions\/757"}],"wp:attachment":[{"href":"https:\/\/traces-berberes.com\/fr\/wp-json\/wp\/v2\/media?parent=526"}],"curies":[{"name":"wp","href":"https:\/\/api.w.org\/{rel}","templated":true}]}}