{"id":528,"date":"2024-07-29T13:09:47","date_gmt":"2024-07-29T13:09:47","guid":{"rendered":"https:\/\/traces-berberes.com\/?page_id=528"},"modified":"2024-08-01T12:41:47","modified_gmt":"2024-08-01T12:41:47","slug":"excursions","status":"publish","type":"page","link":"https:\/\/traces-berberes.com\/fr\/excursions\/","title":{"rendered":"Excursions"},"content":{"rendered":"<div data-elementor-type=\"wp-page\" data-elementor-id=\"528\" class=\"elementor elementor-528\">\n\t\t\t\t<div class=\"elementor-element elementor-element-9b329e0 e-flex e-con-boxed e-con e-parent\" data-id=\"9b329e0\" data-element_type=\"container\" data-e-type=\"container\">\n\t\t\t\t\t<div class=\"e-con-inner\">\n\t\t\t\t<div class=\"elementor-element elementor-element-ebcab9a elementor-widget elementor-widget-wptravelengine-trips\" data-id=\"ebcab9a\" data-element_type=\"widget\" data-e-type=\"widget\" data-widget_type=\"wptravelengine-trips.default\">\n\t\t\t\t<div class=\"elementor-widget-container\">\n\t\t\t\t\t<div class=\"wp-block-wptravelengine-trips wpte-gblock-wrapper elementor-addon wpte-elementor-widget\">\t<div class=\"category-grid wte-d-flex wpte-trip-list-wrapper\t\t\t\t\t\t    wte-col-3\">\n\t<div class=\"category-trips-single\" itemprop=\"itemListElement\" itemscope itemtype=\"http:\/\/schema.org\/ListItem\">\n\t<div class=\"category-trips-single-inner-wrap\">\n\t\t<figure class=\"category-trip-fig\">\n\t\t\t\t\t\t\t\t\t\t<a href=\"https:\/\/traces-berberes.com\/fr\/trip\/6-days-atlas-peaks-and-valleys-trek\/\">\n\t\t\t\t\t<img fetchpriority=\"high\" decoding=\"async\" width=\"990\" height=\"490\" src=\"https:\/\/traces-berberes.com\/wp-content\/uploads\/2024\/08\/atlas-mountains-trekking-990x490.jpg\" class=\"attachment-trip-single-size size-trip-single-size wp-post-image\" alt=\"\" \/>\t\t\t\t<\/a>\n\t\t\t\t\t<\/figure>\n\n\t\t<div class=\"category-trip-content-wrap\">\n\t\t\t<div class=\"category-trip-prc-title-wrap\">\n\t\t\t\t\t\t\t\t\t<h2 class=\"category-trip-title\" itemprop=\"name\">\n\t\t\t\t\t\t<a itemprop=\"url\" href=\"https:\/\/traces-berberes.com\/fr\/trip\/6-days-atlas-peaks-and-valleys-trek\/\">Trek 6 Jours Sommets de l'Atlas<\/a>\n\t\t\t\t\t<\/h2>\n\t\t\t\t\n\t\t\t\t\n\t\t\t\t\t\t\t\t\t<meta itemprop=\"position\" content=\"1\"\/>\n\t\t\t\t\t\t\t<\/div>\n\n\t\t\t<div class=\"category-trip-detail-wrap\">\n\t\t\t\t<div class=\"category-trip-prc-wrap\">\n\t\t\t\t\t<div class=\"category-trip-desti wpte-trip_meta-container\">\n\t\t\t\t\t\t\t\t\t\t\t\t\t\t<span class=\"wpte-trip-meta category-trip-loc\">\n\t\t\t\t\t\t\t\t\t<span class=\"wpte-icon-map-marker\"><\/span>\n\t\t\t\t\t\t\t\t\t<span><a rel=\"tag\" target=\"_self\" href=\"https:\/\/traces-berberes.com\/fr\/destinations\/trekking\/\">Trekking<\/a><\/span>\n\t\t\t\t\t\t\t\t<\/span>\n\t\t\t\t\t\t\t\t\n\t\t\t\t\t\t\t<span class=\"wpte-trip-meta category-trip-dur\">\n\t\t\t\t\t\t\t\t\t\t\t\t\t\t\t<span class=\"wpte-icon-clock\"><\/span>\n\t\t\t\t\t\t\t\t\t<span>\n\t\t\t\t\t\t\t\t\t\t\t\t\t\t\t\t\t\t\t\t\t6 Days\t\t\t\t\t\t\t\t\t<\/span>\n\t\t\t\t\t\t\t\t\t\t\t\t\t\t\t\t<\/span>\n\t\t\t\t\t\t\t\t\t\t\t\t\t\t\t\t\t\t<\/div>\n\t\t\t\t\t\t\t\t\t<\/div>\n\t\t\t\t\t\t\t\t\t<div class=\"category-trip-desc\">\n\t\t\t\t\t\t<p>\n\t\t\t\t\t\t\tThis Trek consists of 6 days trekking in the High Atlas Mountains, combines beautiful panoramic Views with the time to...\t\t\t\t\t\t<\/p>\n\t\t\t\t\t<\/div>\n\t\t\t\t\t\t\t\t\t\t\t\t\t<a href=\"https:\/\/traces-berberes.com\/fr\/trip\/6-days-atlas-peaks-and-valleys-trek\/\" class=\"button category-trip-viewmre-btn\">View Details<\/a>\n\t\t\t\t\t\t\t<\/div>\n\t\t<\/div>\n\n\t\t\t<\/div>\n<\/div>\n<div class=\"category-trips-single\" itemprop=\"itemListElement\" itemscope itemtype=\"http:\/\/schema.org\/ListItem\">\n\t<div class=\"category-trips-single-inner-wrap\">\n\t\t<figure class=\"category-trip-fig\">\n\t\t\t\t\t\t\t\t\t\t<a href=\"https:\/\/traces-berberes.com\/fr\/trip\/3-days-toubkal-circular-trek\/\">\n\t\t\t\t\t<img decoding=\"async\" width=\"990\" height=\"490\" src=\"https:\/\/traces-berberes.com\/wp-content\/uploads\/2024\/08\/3-days-mount-Toubkal-round-trek-from-Marrakesh-990x490.jpg\" class=\"attachment-trip-single-size size-trip-single-size wp-post-image\" alt=\"\" \/>\t\t\t\t<\/a>\n\t\t\t\t\t<\/figure>\n\n\t\t<div class=\"category-trip-content-wrap\">\n\t\t\t<div class=\"category-trip-prc-title-wrap\">\n\t\t\t\t\t\t\t\t\t<h2 class=\"category-trip-title\" itemprop=\"name\">\n\t\t\t\t\t\t<a itemprop=\"url\" href=\"https:\/\/traces-berberes.com\/fr\/trip\/3-days-toubkal-circular-trek\/\">Trek Circulaire 3 Jours Toubkal<\/a>\n\t\t\t\t\t<\/h2>\n\t\t\t\t\n\t\t\t\t\n\t\t\t\t\t\t\t\t\t<meta itemprop=\"position\" content=\"2\"\/>\n\t\t\t\t\t\t\t<\/div>\n\n\t\t\t<div class=\"category-trip-detail-wrap\">\n\t\t\t\t<div class=\"category-trip-prc-wrap\">\n\t\t\t\t\t<div class=\"category-trip-desti wpte-trip_meta-container\">\n\t\t\t\t\t\t\t\t\t\t\t\t\t\t<span class=\"wpte-trip-meta category-trip-loc\">\n\t\t\t\t\t\t\t\t\t<span class=\"wpte-icon-map-marker\"><\/span>\n\t\t\t\t\t\t\t\t\t<span><a rel=\"tag\" target=\"_self\" href=\"https:\/\/traces-berberes.com\/fr\/destinations\/trekking\/\">Trekking<\/a><\/span>\n\t\t\t\t\t\t\t\t<\/span>\n\t\t\t\t\t\t\t\t\n\t\t\t\t\t\t\t<span class=\"wpte-trip-meta category-trip-dur\">\n\t\t\t\t\t\t\t\t\t\t\t\t\t\t\t<span class=\"wpte-icon-clock\"><\/span>\n\t\t\t\t\t\t\t\t\t<span>\n\t\t\t\t\t\t\t\t\t\t\t\t\t\t\t\t\t\t\t\t\t3 Days\t\t\t\t\t\t\t\t\t<\/span>\n\t\t\t\t\t\t\t\t\t\t\t\t\t\t\t\t<\/span>\n\t\t\t\t\t\t\t\t\t\t\t\t\t\t\t\t\t\t<\/div>\n\t\t\t\t\t\t\t\t\t\t\t<div class=\"category-trip-budget\">\n\t\t\t\t\t\t\t\t\t\t\t\t\t\t<span class=\"price-holder\">\n\t\t\t\t\t\t\t\t<span class=\"actual-price\"><span class=\"wpte-currency-code\">&euro;<\/span><span class=\"wpte-price\">250<\/span><\/span>\n\t\t\t\t\t\t\t\t\t\t\t\t\t\t\t<\/span>\n\t\t\t\t\t\t<\/div>\n\t\t\t\t\t\t\t\t\t<\/div>\n\t\t\t\t\t\t\t\t\t<div class=\"category-trip-desc\">\n\t\t\t\t\t\t<p>\n\t\t\t\t\t\t\tExperience the climb of the highest peak in Morocco and North Africa, Toubkal summit 4167m, and discover the stunning panoramic...\t\t\t\t\t\t<\/p>\n\t\t\t\t\t<\/div>\n\t\t\t\t\t\t\t\t\t\t\t\t\t<a href=\"https:\/\/traces-berberes.com\/fr\/trip\/3-days-toubkal-circular-trek\/\" class=\"button category-trip-viewmre-btn\">View Details<\/a>\n\t\t\t\t\t\t\t<\/div>\n\t\t<\/div>\n\n\t\t\t<\/div>\n<\/div>\n<div class=\"category-trips-single\" itemprop=\"itemListElement\" itemscope itemtype=\"http:\/\/schema.org\/ListItem\">\n\t<div class=\"category-trips-single-inner-wrap\">\n\t\t<figure class=\"category-trip-fig\">\n\t\t\t\t\t\t\t\t\t\t<a href=\"https:\/\/traces-berberes.com\/fr\/trip\/3-days-trek-imlil-to-ourika-valley\/\">\n\t\t\t\t\t<img decoding=\"async\" width=\"900\" height=\"490\" src=\"https:\/\/traces-berberes.com\/wp-content\/uploads\/2024\/08\/Hiking-in-the-High-Atlas-Mountains-900x490.jpg\" class=\"attachment-trip-single-size size-trip-single-size wp-post-image\" alt=\"3-Days Trek Imlil To Ourika Valley\" \/>\t\t\t\t<\/a>\n\t\t\t\t\t<\/figure>\n\n\t\t<div class=\"category-trip-content-wrap\">\n\t\t\t<div class=\"category-trip-prc-title-wrap\">\n\t\t\t\t\t\t\t\t\t<h2 class=\"category-trip-title\" itemprop=\"name\">\n\t\t\t\t\t\t<a itemprop=\"url\" href=\"https:\/\/traces-berberes.com\/fr\/trip\/3-days-trek-imlil-to-ourika-valley\/\">Trek 3 Jours Imlil - Vall\u00e9e Ourika<\/a>\n\t\t\t\t\t<\/h2>\n\t\t\t\t\n\t\t\t\t\n\t\t\t\t\t\t\t\t\t<meta itemprop=\"position\" content=\"3\"\/>\n\t\t\t\t\t\t\t<\/div>\n\n\t\t\t<div class=\"category-trip-detail-wrap\">\n\t\t\t\t<div class=\"category-trip-prc-wrap\">\n\t\t\t\t\t<div class=\"category-trip-desti wpte-trip_meta-container\">\n\t\t\t\t\t\t\t\t\t\t\t\t\t\t<span class=\"wpte-trip-meta category-trip-loc\">\n\t\t\t\t\t\t\t\t\t<span class=\"wpte-icon-map-marker\"><\/span>\n\t\t\t\t\t\t\t\t\t<span><a rel=\"tag\" target=\"_self\" href=\"https:\/\/traces-berberes.com\/fr\/destinations\/trekking\/\">Trekking<\/a><\/span>\n\t\t\t\t\t\t\t\t<\/span>\n\t\t\t\t\t\t\t\t\n\t\t\t\t\t\t\t<span class=\"wpte-trip-meta category-trip-dur\">\n\t\t\t\t\t\t\t\t\t\t\t\t\t\t\t<span class=\"wpte-icon-clock\"><\/span>\n\t\t\t\t\t\t\t\t\t<span>\n\t\t\t\t\t\t\t\t\t\t\t\t\t\t\t\t\t\t\t\t\t3 Days\t\t\t\t\t\t\t\t\t<\/span>\n\t\t\t\t\t\t\t\t\t\t\t\t\t\t\t\t<\/span>\n\t\t\t\t\t\t\t\t\t\t\t\t\t\t\t\t\t\t<\/div>\n\t\t\t\t\t\t\t\t\t\t\t<div class=\"category-trip-budget\">\n\t\t\t\t\t\t\t\t\t\t\t\t\t\t<span class=\"price-holder\">\n\t\t\t\t\t\t\t\t<span class=\"actual-price\"><span class=\"wpte-currency-code\">&euro;<\/span><span class=\"wpte-price\">276<\/span><\/span>\n\t\t\t\t\t\t\t\t\t\t\t\t\t\t\t<\/span>\n\t\t\t\t\t\t<\/div>\n\t\t\t\t\t\t\t\t\t<\/div>\n\t\t\t\t\t\t\t\t\t<div class=\"category-trip-desc\">\n\t\t\t\t\t\t\n\t\t\t\t\t<\/div>\n\t\t\t\t\t\t\t\t\t\t\t\t\t<a href=\"https:\/\/traces-berberes.com\/fr\/trip\/3-days-trek-imlil-to-ourika-valley\/\" class=\"button category-trip-viewmre-btn\">View Details<\/a>\n\t\t\t\t\t\t\t<\/div>\n\t\t<\/div>\n\n\t\t\t<\/div>\n<\/div>\n<div class=\"category-trips-single\" itemprop=\"itemListElement\" itemscope itemtype=\"http:\/\/schema.org\/ListItem\">\n\t<div class=\"category-trips-single-inner-wrap\">\n\t\t<figure class=\"category-trip-fig\">\n\t\t\t\t\t\t\t\t\t\t<a href=\"https:\/\/traces-berberes.com\/fr\/trip\/6-days-toubkal-berber-villages-trek\/\">\n\t\t\t\t\t<img loading=\"lazy\" decoding=\"async\" width=\"990\" height=\"490\" src=\"https:\/\/traces-berberes.com\/wp-content\/uploads\/2024\/08\/Hiking-Mount-Toubkal-Atlas-Mountains-Morocco-20-990x490.jpg\" class=\"attachment-trip-single-size size-trip-single-size wp-post-image\" alt=\"\" \/>\t\t\t\t<\/a>\n\t\t\t\t\t<\/figure>\n\n\t\t<div class=\"category-trip-content-wrap\">\n\t\t\t<div class=\"category-trip-prc-title-wrap\">\n\t\t\t\t\t\t\t\t\t<h2 class=\"category-trip-title\" itemprop=\"name\">\n\t\t\t\t\t\t<a itemprop=\"url\" href=\"https:\/\/traces-berberes.com\/fr\/trip\/6-days-toubkal-berber-villages-trek\/\">Trek Toubkal et Villages Berb\u00e8res en 6 Jours<\/a>\n\t\t\t\t\t<\/h2>\n\t\t\t\t\n\t\t\t\t\n\t\t\t\t\t\t\t\t\t<meta itemprop=\"position\" content=\"4\"\/>\n\t\t\t\t\t\t\t<\/div>\n\n\t\t\t<div class=\"category-trip-detail-wrap\">\n\t\t\t\t<div class=\"category-trip-prc-wrap\">\n\t\t\t\t\t<div class=\"category-trip-desti wpte-trip_meta-container\">\n\t\t\t\t\t\t\t\t\t\t\t\t\t\t<span class=\"wpte-trip-meta category-trip-loc\">\n\t\t\t\t\t\t\t\t\t<span class=\"wpte-icon-map-marker\"><\/span>\n\t\t\t\t\t\t\t\t\t<span><a rel=\"tag\" target=\"_self\" href=\"https:\/\/traces-berberes.com\/fr\/destinations\/trekking\/\">Trekking<\/a><\/span>\n\t\t\t\t\t\t\t\t<\/span>\n\t\t\t\t\t\t\t\t\n\t\t\t\t\t\t\t<span class=\"wpte-trip-meta category-trip-dur\">\n\t\t\t\t\t\t\t\t\t\t\t\t\t\t\t<span class=\"wpte-icon-clock\"><\/span>\n\t\t\t\t\t\t\t\t\t<span>\n\t\t\t\t\t\t\t\t\t\t\t\t\t\t\t\t\t\t\t\t\t6 Days\t\t\t\t\t\t\t\t\t<\/span>\n\t\t\t\t\t\t\t\t\t\t\t\t\t\t\t\t<\/span>\n\t\t\t\t\t\t\t\t\t\t\t\t\t\t\t\t\t\t<\/div>\n\t\t\t\t\t\t\t\t\t\t\t<div class=\"category-trip-budget\">\n\t\t\t\t\t\t\t\t\t\t\t\t\t\t<span class=\"price-holder\">\n\t\t\t\t\t\t\t\t<span class=\"actual-price\"><span class=\"wpte-currency-code\">&euro;<\/span><span class=\"wpte-price\">442<\/span><\/span>\n\t\t\t\t\t\t\t\t\t\t\t\t\t\t\t<\/span>\n\t\t\t\t\t\t<\/div>\n\t\t\t\t\t\t\t\t\t<\/div>\n\t\t\t\t\t\t\t\t\t<div class=\"category-trip-desc\">\n\t\t\t\t\t\t<p>\n\t\t\t\t\t\t\tIf you want to explore the charm and the authenticity of the small Berber villages hiding behind the breathtaking landscapes...\t\t\t\t\t\t<\/p>\n\t\t\t\t\t<\/div>\n\t\t\t\t\t\t\t\t\t\t\t\t\t<a href=\"https:\/\/traces-berberes.com\/fr\/trip\/6-days-toubkal-berber-villages-trek\/\" class=\"button category-trip-viewmre-btn\">View Details<\/a>\n\t\t\t\t\t\t\t<\/div>\n\t\t<\/div>\n\n\t\t\t<\/div>\n<\/div>\n<div class=\"category-trips-single\" itemprop=\"itemListElement\" itemscope itemtype=\"http:\/\/schema.org\/ListItem\">\n\t<div class=\"category-trips-single-inner-wrap\">\n\t\t<figure class=\"category-trip-fig\">\n\t\t\t\t\t\t\t\t\t\t<a href=\"https:\/\/traces-berberes.com\/fr\/trip\/day-trip-with-guided-trek-in-zat-valley\/\">\n\t\t\t\t\t<img loading=\"lazy\" decoding=\"async\" width=\"990\" height=\"490\" src=\"https:\/\/traces-berberes.com\/wp-content\/uploads\/2024\/08\/e7da0533482e6ca9759a6430262dde82-990x490.jpg\" class=\"attachment-trip-single-size size-trip-single-size wp-post-image\" alt=\"\" \/>\t\t\t\t<\/a>\n\t\t\t\t\t<\/figure>\n\n\t\t<div class=\"category-trip-content-wrap\">\n\t\t\t<div class=\"category-trip-prc-title-wrap\">\n\t\t\t\t\t\t\t\t\t<h2 class=\"category-trip-title\" itemprop=\"name\">\n\t\t\t\t\t\t<a itemprop=\"url\" href=\"https:\/\/traces-berberes.com\/fr\/trip\/day-trip-with-guided-trek-in-zat-valley\/\">Excursion d'une journ\u00e9e avec Trek Guid\u00e9 dans la Vall\u00e9e du Zat<\/a>\n\t\t\t\t\t<\/h2>\n\t\t\t\t\n\t\t\t\t\n\t\t\t\t\t\t\t\t\t<meta itemprop=\"position\" content=\"5\"\/>\n\t\t\t\t\t\t\t<\/div>\n\n\t\t\t<div class=\"category-trip-detail-wrap\">\n\t\t\t\t<div class=\"category-trip-prc-wrap\">\n\t\t\t\t\t<div class=\"category-trip-desti wpte-trip_meta-container\">\n\t\t\t\t\t\t\t\t\t\t\t\t\t\t<span class=\"wpte-trip-meta category-trip-loc\">\n\t\t\t\t\t\t\t\t\t<span class=\"wpte-icon-map-marker\"><\/span>\n\t\t\t\t\t\t\t\t\t<span><a rel=\"tag\" target=\"_self\" href=\"https:\/\/traces-berberes.com\/fr\/destinations\/trekking\/\">Trekking<\/a><\/span>\n\t\t\t\t\t\t\t\t<\/span>\n\t\t\t\t\t\t\t\t\n\t\t\t\t\t\t\t<span class=\"wpte-trip-meta category-trip-dur\">\n\t\t\t\t\t\t\t\t\t\t\t\t\t\t\t<\/span>\n\t\t\t\t\t\t\t\t\t\t\t\t\t\t\t\t\t\t<\/div>\n\t\t\t\t\t\t\t\t\t\t\t<div class=\"category-trip-budget\">\n\t\t\t\t\t\t\t\t\t\t\t\t\t\t<span class=\"price-holder\">\n\t\t\t\t\t\t\t\t<span class=\"actual-price\"><span class=\"wpte-currency-code\">&euro;<\/span><span class=\"wpte-price\">68<\/span><\/span>\n\t\t\t\t\t\t\t\t\t\t\t\t\t\t\t<\/span>\n\t\t\t\t\t\t<\/div>\n\t\t\t\t\t\t\t\t\t<\/div>\n\t\t\t\t\t\t\t\t\t<div class=\"category-trip-desc\">\n\t\t\t\t\t\t<p>\n\t\t\t\t\t\t\tIf you are on holiday in Marrakech and you want to trek in the Atlas, but you don\u2019t have enough...\t\t\t\t\t\t<\/p>\n\t\t\t\t\t<\/div>\n\t\t\t\t\t\t\t\t\t\t\t\t\t<a href=\"https:\/\/traces-berberes.com\/fr\/trip\/day-trip-with-guided-trek-in-zat-valley\/\" class=\"button category-trip-viewmre-btn\">View Details<\/a>\n\t\t\t\t\t\t\t<\/div>\n\t\t<\/div>\n\n\t\t\t<\/div>\n<\/div>\n<div class=\"category-trips-single\" itemprop=\"itemListElement\" itemscope itemtype=\"http:\/\/schema.org\/ListItem\">\n\t<div class=\"category-trips-single-inner-wrap\">\n\t\t<figure class=\"category-trip-fig\">\n\t\t\t\t\t\t\t\t\t\t<a href=\"https:\/\/traces-berberes.com\/fr\/trip\/outstanding-night-in-agafay\/\">\n\t\t\t\t\t<img loading=\"lazy\" decoding=\"async\" width=\"990\" height=\"490\" src=\"https:\/\/traces-berberes.com\/wp-content\/uploads\/2024\/08\/bivouac-agafay-desert5.png-990x490.webp\" class=\"attachment-trip-single-size size-trip-single-size wp-post-image\" alt=\"Outstanding Night in Agafay\" \/>\t\t\t\t<\/a>\n\t\t\t\t\t<\/figure>\n\n\t\t<div class=\"category-trip-content-wrap\">\n\t\t\t<div class=\"category-trip-prc-title-wrap\">\n\t\t\t\t\t\t\t\t\t<h2 class=\"category-trip-title\" itemprop=\"name\">\n\t\t\t\t\t\t<a itemprop=\"url\" href=\"https:\/\/traces-berberes.com\/fr\/trip\/outstanding-night-in-agafay\/\">Nuit en Bivouac \u00e0 Agafay<\/a>\n\t\t\t\t\t<\/h2>\n\t\t\t\t\n\t\t\t\t\n\t\t\t\t\t\t\t\t\t<meta itemprop=\"position\" content=\"6\"\/>\n\t\t\t\t\t\t\t<\/div>\n\n\t\t\t<div class=\"category-trip-detail-wrap\">\n\t\t\t\t<div class=\"category-trip-prc-wrap\">\n\t\t\t\t\t<div class=\"category-trip-desti wpte-trip_meta-container\">\n\t\t\t\t\t\t\t\t\t\t\t\t\t\t<span class=\"wpte-trip-meta category-trip-loc\">\n\t\t\t\t\t\t\t\t\t<span class=\"wpte-icon-map-marker\"><\/span>\n\t\t\t\t\t\t\t\t\t<span><a rel=\"tag\" target=\"_self\" href=\"https:\/\/traces-berberes.com\/fr\/destinations\/agafay\/\">Agafay<\/a><\/span>\n\t\t\t\t\t\t\t\t<\/span>\n\t\t\t\t\t\t\t\t\n\t\t\t\t\t\t\t<span class=\"wpte-trip-meta category-trip-dur\">\n\t\t\t\t\t\t\t\t\t\t\t\t\t\t\t<\/span>\n\t\t\t\t\t\t\t\t\t\t\t\t\t\t\t\t\t\t<\/div>\n\t\t\t\t\t\t\t\t\t\t\t<div class=\"category-trip-budget\">\n\t\t\t\t\t\t\t\t\t\t\t\t\t\t<span class=\"price-holder\">\n\t\t\t\t\t\t\t\t<span class=\"actual-price\"><span class=\"wpte-currency-code\">&euro;<\/span><span class=\"wpte-price\">210<\/span><\/span>\n\t\t\t\t\t\t\t\t\t\t\t\t\t\t\t<\/span>\n\t\t\t\t\t\t<\/div>\n\t\t\t\t\t\t\t\t\t<\/div>\n\t\t\t\t\t\t\t\t\t<div class=\"category-trip-desc\">\n\t\t\t\t\t\t<p>\n\t\t\t\t\t\t\tExploring all the beauty of Agafay Desert will be not possible without enjoying a dining experience under the open starry...\t\t\t\t\t\t<\/p>\n\t\t\t\t\t<\/div>\n\t\t\t\t\t\t\t\t\t\t\t\t\t<a href=\"https:\/\/traces-berberes.com\/fr\/trip\/outstanding-night-in-agafay\/\" class=\"button category-trip-viewmre-btn\">View Details<\/a>\n\t\t\t\t\t\t\t<\/div>\n\t\t<\/div>\n\n\t\t\t<\/div>\n<\/div>\n<\/div><!-- .category-{$layout} --><\/div>\t\t\t\t<\/div>\n\t\t\t\t<\/div>\n\t\t\t\t\t<\/div>\n\t\t\t\t<\/div>\n\t\t\t\t<\/div>","protected":false},"excerpt":{"rendered":"<p>Quad &amp; Sunset Camel Ride 5 Hours &euro;85 View Details Cooking Class in Ourika 7 Hours &euro;65 If you are looking for a private experience that can allow you to discover and learn about the Moroccan gastronomy&#8230; View Details 4-Days Tour Fez &#038; Tangier Imperial &hellip; <\/p>","protected":false},"author":1,"featured_media":0,"parent":0,"menu_order":0,"comment_status":"closed","ping_status":"closed","template":"","meta":{"pagelayer_contact_templates":[],"_pagelayer_content":"","footnotes":""},"class_list":["post-528","page","type-page","status-publish","hentry"],"jetpack_sharing_enabled":true,"_links":{"self":[{"href":"https:\/\/traces-berberes.com\/fr\/wp-json\/wp\/v2\/pages\/528","targetHints":{"allow":["GET"]}}],"collection":[{"href":"https:\/\/traces-berberes.com\/fr\/wp-json\/wp\/v2\/pages"}],"about":[{"href":"https:\/\/traces-berberes.com\/fr\/wp-json\/wp\/v2\/types\/page"}],"author":[{"embeddable":true,"href":"https:\/\/traces-berberes.com\/fr\/wp-json\/wp\/v2\/users\/1"}],"replies":[{"embeddable":true,"href":"https:\/\/traces-berberes.com\/fr\/wp-json\/wp\/v2\/comments?post=528"}],"version-history":[{"count":10,"href":"https:\/\/traces-berberes.com\/fr\/wp-json\/wp\/v2\/pages\/528\/revisions"}],"predecessor-version":[{"id":773,"href":"https:\/\/traces-berberes.com\/fr\/wp-json\/wp\/v2\/pages\/528\/revisions\/773"}],"wp:attachment":[{"href":"https:\/\/traces-berberes.com\/fr\/wp-json\/wp\/v2\/media?parent=528"}],"curies":[{"name":"wp","href":"https:\/\/api.w.org\/{rel}","templated":true}]}}